{"id":995,"date":"2023-03-06T11:02:02","date_gmt":"2023-03-06T11:02:02","guid":{"rendered":"https:\/\/www.llandaffcathedral.org.uk\/cy\/?page_id=995"},"modified":"2024-02-26T12:36:02","modified_gmt":"2024-02-26T12:36:02","slug":"the-chapels","status":"publish","type":"page","link":"https:\/\/www.llandaffcathedral.org.uk\/cy\/discover-the-cathedral\/the-chapels\/","title":{"rendered":"Y Capeli"},"content":{"rendered":"\n<p><strong>Capel Mair<\/strong><\/p>\n\n\n\n<p>Gyda\u2019r gwaith adeiladu wedi\u2019i gwblhau yn 1280, mae Capel Mair wedi\u2019i gyflwyno i\u2019r Forwyn Fair, Mam yr Iesu. Yng nghanol y reredos, y sgr\u00een gerfiedig o\u2019r 15fed ganrif tu \u00f4l i\u2019r allor, ceir delw o Mair a\u2019r Baban Iesu gan A.G Walker a osodwyd yno ym 1934. Mae pob un o\u2019r paneli euraid bob ochr, ddyluniwyd gan Frank Roper ym 1954, yn cynrychioli blodyn gwyllt sydd \u00e2\u2019i enw Cymraeg yn coff\u00e0u Mair.<\/p>\n\n\n\n<p>Mae\u2019r gwydr lliw yn y ffenestr ddwyreiniol o\u2019r 19eg ganrif yn cynrychioli \u2018Cyff Jesse\u2019, ac yn darlunio llinach Crist fel y\u2019i ddisgrifir yn efengyl Matthew. Dyluniwyd pob ffenestr gan Geoffrey Webb rhwng 1920 a 1950.<\/p>\n\n\n\n<p>Mae\u2019r muriau a\u2019r nenfwd, o waith stensil, hefyd gan Webb ac yn dyddio o 1908 ac fe\u2019u hadferwyd ym 1988.<\/p>\n\n\n\n<p>Mae beddrod Gwilym Brewys, Esgob Llandaf o 1266 hyd 1287 i\u2019w weld aro chr ogleddol yr allor.<\/p>\n\n\n\n<p>Yn y ddeunawfed ganrif, adnabuwyd y capel fel y Capel Cymraeg o ganlyniad i\u2019r gwasanaethau Cymraeg a gynhaliwyd yno.<\/p>\n\n\n\n<figure class=\"wp-block-image aligncenter size-full\"><img loading=\"lazy\" decoding=\"async\" width=\"612\" height=\"428\" src=\"https:\/\/www.llandaffcathedral.org.uk\/cy\/app\/uploads\/2023\/03\/ladychapel.jpg\" alt=\"\" class=\"wp-image-1110\" srcset=\"https:\/\/www.llandaffcathedral.org.uk\/app\/uploads\/sites\/2\/2023\/03\/ladychapel.jpg 612w, https:\/\/www.llandaffcathedral.org.uk\/app\/uploads\/sites\/2\/2023\/03\/ladychapel-300x210.jpg 300w\" sizes=\"auto, (max-width: 612px) 100vw, 612px\" \/><\/figure>\n\n\n\n<p><strong>Capel Dyfrig<\/strong><\/p>\n\n\n\n<p>Er i\u2019r capel gael ei adnabod yn wreiddiol fel Capel Mathew, mae\u2019r gofod bellach wedi\u2019i gysegru er cof am Dyfrig, Sant o\u2019r chweched ganrif ac un o nawddsaint y Gadeirlan. Mae\u2019r capel bach hwn yn hafan o heddwch, wedi\u2019I neilltuo ar gyfer gwedd\u00efo a myfyrio tawel. I\u2019r dde o\u2019r allor, ceir cwpwrdd ambry, lle cedwir y Sacrament Bendigaid (bara a gwin a gysegrwyd yn ystod y Cymun). Uwchlaw, gwelir delw cyfoes o Ddyfrig gan John Excell. Uwchben yr allow, ceir paneli\u2019n darlunio chwe niwrnod y cread, a ddyluniwyd gan yr artist o\u2019r 19fed ganrif Burne-Jones ac a waned gan Harold Rathbone yng nghrochendy Della Robbia ym Mhenbedw rhwng 1893 a 1906.<\/p>\n\n\n\n<p>Mae\u2019r reredos garreg o\u2019r canol oesodd oedd tu \u00f4l i\u2019r allor fawr yn wrieddiol bellach ar fur ogleddol y capel yngh\u0177d \u00e2 dau feddrod teulu Mathew. Rhennir y capel gan sgr\u00een o waith pren a metal, ddyluniwyd gan Robert Heaton er c\u00f4f am yr Archesgob Glyn Simon, Esgob Llandaf o 1957 hyd 1971.<\/p>\n\n\n\n<p><strong>Capel Dafydd<\/strong><\/p>\n\n\n\n<p>Fe\u2019i adnabyddir fel Capel y Gatrawd Gymreig ac fe\u2019i ddyluniwyd gan George Pace. Fe\u2019i gysegrwyd ar yr 22ain o Fedi 1956 er c\u00f4f am y rhai fu farw mewn rhyfeloedd ers y ddeunawfed ganrif. Mae tabledi pres ar y llawr ac ar dalcen y seddi\u2019n coff\u00e0u swyddogion y Gatrawd Gymreig ac mae meini yn y mur ddwyreiniol yn dynodi\u2019r brwydrau y bu i\u2019r gatrawd ymladd ynddynt o 1792 hyd 1969.<\/p>\n\n\n\n<p>Saif y Majestas canol-oesol yn erbyn piler cyntaf y capel. Yn wreiddiol roedd yn rhan o\u2019r talcen gorllewinol hyd 1984.<\/p>\n\n\n\n<figure class=\"wp-block-image aligncenter size-large is-resized\"><img decoding=\"async\" src=\"https:\/\/www.llandaffcathedral.org.uk\/cy\/app\/uploads\/2023\/03\/stdavidschapel--1024x683.jpg\" alt=\"\" class=\"wp-image-1108\" width=\"-45\" height=\"-29\" srcset=\"https:\/\/www.llandaffcathedral.org.uk\/app\/uploads\/sites\/2\/2023\/03\/stdavidschapel--1024x682.jpg 1024w, https:\/\/www.llandaffcathedral.org.uk\/app\/uploads\/sites\/2\/2023\/03\/stdavidschapel--300x200.jpg 300w, https:\/\/www.llandaffcathedral.org.uk\/app\/uploads\/sites\/2\/2023\/03\/stdavidschapel--768x512.jpg 768w, https:\/\/www.llandaffcathedral.org.uk\/app\/uploads\/sites\/2\/2023\/03\/stdavidschapel--1536x1024.jpg 1536w, https:\/\/www.llandaffcathedral.org.uk\/app\/uploads\/sites\/2\/2023\/03\/stdavidschapel--2048x1365.jpg 2048w, https:\/\/www.llandaffcathedral.org.uk\/app\/uploads\/sites\/2\/2023\/03\/stdavidschapel--1900x1266.jpg 1900w, https:\/\/www.llandaffcathedral.org.uk\/app\/uploads\/sites\/2\/2023\/03\/stdavidschapel--1250x833.jpg 1250w, https:\/\/www.llandaffcathedral.org.uk\/app\/uploads\/sites\/2\/2023\/03\/stdavidschapel--640x426.jpg 640w\" sizes=\"(max-width: 1024px) 100vw, 1024px\" \/><\/figure>\n\n\n\n<p><strong>Capel Illtud<\/strong><\/p>\n\n\n\n<p>Dyma gapel y 53fed yr Adran Droedfilwyr Cymreig. Tu \u00f4l i\u2019r allor, gwelir Triptych Rossetti \u2013 am ragor wybodaeth am y Triptych <a href=\"https:\/\/www.llandaffcathedral.org.uk\/discover-the-cathedral\/rossetti-triptych\/\">cliciwch yma<\/a>.<\/p>\n\n\n\n<p><strong>Capel Teilo<\/strong><\/p>\n\n\n\n<p>Capel bach ym mhen dwyreiniol yr eil ddeheuol, gerllaw Capel Mair, yw Capel Teilo. I\u2019r dde o\u2019r allor, mewn creirfa, gwelir y benglog a briodolir i Sant Teilo mewn gosodiad art nouveau o waith arian. Dychwelyd y benglog i\u2019r Gadeirlan o Awstralia ym 1994. Mae\u2019r gwydr lliw yn y ffenstr ddwyreiniol o waith William Morris a Ford Madox Brown ac yn darlunio Crist y Brenin gyda Zachareas, tad Ioan Fedyddiwr ar y dde, ac Elizabeth gyda Ioan Fedyddiwr yn blentyn ar y chwith.<\/p>\n\n\n\n<figure class=\"wp-block-image aligncenter size-large is-resized\"><img loading=\"lazy\" decoding=\"async\" src=\"https:\/\/www.llandaffcathedral.org.uk\/cy\/app\/uploads\/2023\/03\/BW5R8988-682x1024.jpg\" alt=\"\" class=\"wp-image-1109\" width=\"578\" height=\"868\" srcset=\"https:\/\/www.llandaffcathedral.org.uk\/app\/uploads\/sites\/2\/2023\/03\/BW5R8988-682x1024.jpg 682w, https:\/\/www.llandaffcathedral.org.uk\/app\/uploads\/sites\/2\/2023\/03\/BW5R8988-200x300.jpg 200w, https:\/\/www.llandaffcathedral.org.uk\/app\/uploads\/sites\/2\/2023\/03\/BW5R8988-768x1152.jpg 768w, https:\/\/www.llandaffcathedral.org.uk\/app\/uploads\/sites\/2\/2023\/03\/BW5R8988.jpg 829w\" sizes=\"auto, (max-width: 578px) 100vw, 578px\" \/><\/figure>\n\n\n\n<p><strong>Capel Euddogwy<\/strong><\/p>\n\n\n\n<p>Nid yw\u2019r capel hwn, oedd ym mhen dwyreiniol eil y gogledd, yn bodoli mwyach. Symudwyd ei allor I eglwys arall yn Dilyn adeiladu\u2019r organ Newydd yn 2013. Saif cofebion cadwriaethol y llu awyr brenhinol yn ei safleoedd gwreiddiol.<\/p>\n\n\n\n<p><strong>Y Corff<\/strong><\/p>\n\n\n\n<p>Mae\u2019r corff yn cael ei ddominyddu gan y bwa parabolaidd concr\u00eed sy\u2019n cynnal cist yr organ. Dyluniwyd hwn yn bulpudwm gan George Pace fel rhan o\u2019r adferiad wedi\u2019r rhyfel er mwyn gwahanu\u2019r corff a\u2019r c\u00f4r, tra\u2019n hwyluso golygfa ddi-dor drwy\u2019r Gadeirlan o\u2019r porth gorllewinol i Gapel Mair.<\/p>\n\n\n\n<p>Mae\u2019r corff yn cael ei ddominyddu gan y Majestas (Crist yn ei fawredd) gan Syr Jacob Epstein \u2013 am ragor o wybodaeth&nbsp;<a href=\"https:\/\/www.llandaffcathedral.org.uk\/discover-the-cathedral\/the-majestas\/\">cliciwch yma<\/a>.<\/p>\n\n\n\n<p>Ar y llawr gerllaw\u2019r mur deheuol, gwelir delw sydd yn honedig yn cynrychioli Henri, Prior y Fenni ac Esgob Llandaf o 1193 hyd 1218. Yn y gilfach gerllaw\u2019r ddelw, gwelir cerflun pren Flemaidd o tua 1430 sy\u2019n darlunio Cysgadrwydd Mair Fendigaid.<\/p>\n\n\n\n<p>Y cerflunydd o Benarth, Frank Roper, sy\u2019n gyfrifol am y cerflun efydd o Sant Ffransis yn pregethu i\u2019r adar, a gr\u00ebwyd yn 1991. Gwelir ei waith mewn rhannau eraill o\u2019r Gadeirlan a nifer o eglwysi ledled yr esgobaeth, yn ogystal ag eglwysi yn Lloegr megis Cadeirlan Durham.<\/p>\n\n\n\n<figure class=\"wp-block-image aligncenter size-full\"><img loading=\"lazy\" decoding=\"async\" width=\"1024\" height=\"465\" src=\"https:\/\/www.llandaffcathedral.org.uk\/cy\/app\/uploads\/2023\/01\/cathedral-interior5.jpg\" alt=\"\" class=\"wp-image-673\" srcset=\"https:\/\/www.llandaffcathedral.org.uk\/app\/uploads\/sites\/2\/2023\/01\/cathedral-interior5.jpg 1024w, https:\/\/www.llandaffcathedral.org.uk\/app\/uploads\/sites\/2\/2023\/01\/cathedral-interior5-300x136.jpg 300w, https:\/\/www.llandaffcathedral.org.uk\/app\/uploads\/sites\/2\/2023\/01\/cathedral-interior5-768x349.jpg 768w, https:\/\/www.llandaffcathedral.org.uk\/app\/uploads\/sites\/2\/2023\/01\/cathedral-interior5-600x272.jpg 600w\" sizes=\"auto, (max-width: 1024px) 100vw, 1024px\" \/><\/figure>\n","protected":false},"excerpt":{"rendered":"<p>Capel Mair Gyda\u2019r gwaith adeiladu wedi\u2019i gwblhau yn 1280, mae Capel Mair wedi\u2019i gyflwyno i\u2019r Forwyn Fair, Mam yr Iesu. Yng nghanol y reredos, y sgr\u00een gerfiedig o\u2019r 15fed ganrif tu \u00f4l i\u2019r allor, ceir delw o Mair a\u2019r Baban Iesu gan A.G Walker a osodwyd yno ym 1934. Mae pob un o\u2019r paneli euraid &hellip; <a href=\"https:\/\/www.llandaffcathedral.org.uk\/cy\/discover-the-cathedral\/the-chapels\/\">Continued<\/a><\/p>\n","protected":false},"author":2,"featured_media":1050,"parent":999,"menu_order":0,"comment_status":"closed","ping_status":"closed","template":"","meta":{"_acf_changed":false,"footnotes":""},"class_list":["post-995","page","type-page","status-publish","has-post-thumbnail","hentry"],"acf":[],"yoast_head":"<!-- This site is optimized with the Yoast SEO plugin v27.2 - https:\/\/yoast.com\/product\/yoast-seo-wordpress\/ -->\n<title>Y Capeli - Eglwys Gadeiriol Llandaf<\/title>\n<meta name=\"robots\" content=\"index, follow, max-snippet:-1, max-image-preview:large, max-video-preview:-1\" \/>\n<link rel=\"canonical\" href=\"https:\/\/www.llandaffcathedral.org.uk\/cy\/discover-the-cathedral\/the-chapels\/\" \/>\n<meta property=\"og:locale\" content=\"en_US\" \/>\n<meta property=\"og:type\" content=\"article\" \/>\n<meta property=\"og:title\" content=\"Y Capeli - Eglwys Gadeiriol Llandaf\" \/>\n<meta property=\"og:description\" content=\"Capel Mair Gyda\u2019r gwaith adeiladu wedi\u2019i gwblhau yn 1280, mae Capel Mair wedi\u2019i gyflwyno i\u2019r Forwyn Fair, Mam yr Iesu. Yng nghanol y reredos, y sgr\u00een gerfiedig o\u2019r 15fed ganrif tu \u00f4l i\u2019r allor, ceir delw o Mair a\u2019r Baban Iesu gan A.G Walker a osodwyd yno ym 1934. Mae pob un o\u2019r paneli euraid &hellip; Continued\" \/>\n<meta property=\"og:url\" content=\"https:\/\/www.llandaffcathedral.org.uk\/cy\/discover-the-cathedral\/the-chapels\/\" \/>\n<meta property=\"og:site_name\" content=\"Eglwys Gadeiriol Llandaf\" \/>\n<meta property=\"article:modified_time\" content=\"2024-02-26T12:36:02+00:00\" \/>\n<meta property=\"og:image\" content=\"https:\/\/staging.llandaffcathedral.org.uk\/app\/uploads\/sites\/2\/2023\/03\/BW5R8882.jpg\" \/>\n\t<meta property=\"og:image:width\" content=\"829\" \/>\n\t<meta property=\"og:image:height\" content=\"1244\" \/>\n\t<meta property=\"og:image:type\" content=\"image\/jpeg\" \/>\n<meta name=\"twitter:card\" content=\"summary_large_image\" \/>\n<meta name=\"twitter:label1\" content=\"Est. reading time\" \/>\n\t<meta name=\"twitter:data1\" content=\"5 munud\" \/>\n<script type=\"application\/ld+json\" class=\"yoast-schema-graph\">{\"@context\":\"https:\/\/schema.org\",\"@graph\":[{\"@type\":\"WebPage\",\"@id\":\"https:\/\/www.llandaffcathedral.org.uk\/cy\/discover-the-cathedral\/the-chapels\/\",\"url\":\"https:\/\/www.llandaffcathedral.org.uk\/cy\/discover-the-cathedral\/the-chapels\/\",\"name\":\"Y Capeli - Eglwys Gadeiriol Llandaf\",\"isPartOf\":{\"@id\":\"https:\/\/www.llandaffcathedral.org.uk\/cy\/#website\"},\"primaryImageOfPage\":{\"@id\":\"https:\/\/www.llandaffcathedral.org.uk\/cy\/discover-the-cathedral\/the-chapels\/#primaryimage\"},\"image\":{\"@id\":\"https:\/\/www.llandaffcathedral.org.uk\/cy\/discover-the-cathedral\/the-chapels\/#primaryimage\"},\"thumbnailUrl\":\"https:\/\/www.llandaffcathedral.org.uk\/app\/uploads\/sites\/2\/2023\/03\/BW5R8882.jpg\",\"datePublished\":\"2023-03-06T11:02:02+00:00\",\"dateModified\":\"2024-02-26T12:36:02+00:00\",\"breadcrumb\":{\"@id\":\"https:\/\/www.llandaffcathedral.org.uk\/cy\/discover-the-cathedral\/the-chapels\/#breadcrumb\"},\"inLanguage\":\"cy\",\"potentialAction\":[{\"@type\":\"ReadAction\",\"target\":[\"https:\/\/www.llandaffcathedral.org.uk\/cy\/discover-the-cathedral\/the-chapels\/\"]}]},{\"@type\":\"ImageObject\",\"inLanguage\":\"cy\",\"@id\":\"https:\/\/www.llandaffcathedral.org.uk\/cy\/discover-the-cathedral\/the-chapels\/#primaryimage\",\"url\":\"https:\/\/www.llandaffcathedral.org.uk\/app\/uploads\/sites\/2\/2023\/03\/BW5R8882.jpg\",\"contentUrl\":\"https:\/\/www.llandaffcathedral.org.uk\/app\/uploads\/sites\/2\/2023\/03\/BW5R8882.jpg\",\"width\":829,\"height\":1244},{\"@type\":\"BreadcrumbList\",\"@id\":\"https:\/\/www.llandaffcathedral.org.uk\/cy\/discover-the-cathedral\/the-chapels\/#breadcrumb\",\"itemListElement\":[{\"@type\":\"ListItem\",\"position\":1,\"name\":\"Home\",\"item\":\"https:\/\/www.llandaffcathedral.org.uk\/cy\/\"},{\"@type\":\"ListItem\",\"position\":2,\"name\":\"Discover the Cathedral\",\"item\":\"https:\/\/www.llandaffcathedral.org.uk\/cy\/discover-the-cathedral\/\"},{\"@type\":\"ListItem\",\"position\":3,\"name\":\"Y Capeli\"}]},{\"@type\":\"WebSite\",\"@id\":\"https:\/\/www.llandaffcathedral.org.uk\/cy\/#website\",\"url\":\"https:\/\/www.llandaffcathedral.org.uk\/cy\/\",\"name\":\"Eglwys Gadeiriol Llandaf\",\"description\":\"\",\"potentialAction\":[{\"@type\":\"SearchAction\",\"target\":{\"@type\":\"EntryPoint\",\"urlTemplate\":\"https:\/\/www.llandaffcathedral.org.uk\/cy\/?s={search_term_string}\"},\"query-input\":{\"@type\":\"PropertyValueSpecification\",\"valueRequired\":true,\"valueName\":\"search_term_string\"}}],\"inLanguage\":\"cy\"}]}<\/script>\n<!-- \/ Yoast SEO plugin. -->","yoast_head_json":{"title":"Y Capeli - Eglwys Gadeiriol Llandaf","robots":{"index":"index","follow":"follow","max-snippet":"max-snippet:-1","max-image-preview":"max-image-preview:large","max-video-preview":"max-video-preview:-1"},"canonical":"https:\/\/www.llandaffcathedral.org.uk\/cy\/discover-the-cathedral\/the-chapels\/","og_locale":"en_US","og_type":"article","og_title":"Y Capeli - Eglwys Gadeiriol Llandaf","og_description":"Capel Mair Gyda\u2019r gwaith adeiladu wedi\u2019i gwblhau yn 1280, mae Capel Mair wedi\u2019i gyflwyno i\u2019r Forwyn Fair, Mam yr Iesu. Yng nghanol y reredos, y sgr\u00een gerfiedig o\u2019r 15fed ganrif tu \u00f4l i\u2019r allor, ceir delw o Mair a\u2019r Baban Iesu gan A.G Walker a osodwyd yno ym 1934. Mae pob un o\u2019r paneli euraid &hellip; Continued","og_url":"https:\/\/www.llandaffcathedral.org.uk\/cy\/discover-the-cathedral\/the-chapels\/","og_site_name":"Eglwys Gadeiriol Llandaf","article_modified_time":"2024-02-26T12:36:02+00:00","og_image":[{"width":829,"height":1244,"url":"https:\/\/staging.llandaffcathedral.org.uk\/app\/uploads\/sites\/2\/2023\/03\/BW5R8882.jpg","type":"image\/jpeg"}],"twitter_card":"summary_large_image","twitter_misc":{"Est. reading time":"5 munud"},"schema":{"@context":"https:\/\/schema.org","@graph":[{"@type":"WebPage","@id":"https:\/\/www.llandaffcathedral.org.uk\/cy\/discover-the-cathedral\/the-chapels\/","url":"https:\/\/www.llandaffcathedral.org.uk\/cy\/discover-the-cathedral\/the-chapels\/","name":"Y Capeli - Eglwys Gadeiriol Llandaf","isPartOf":{"@id":"https:\/\/www.llandaffcathedral.org.uk\/cy\/#website"},"primaryImageOfPage":{"@id":"https:\/\/www.llandaffcathedral.org.uk\/cy\/discover-the-cathedral\/the-chapels\/#primaryimage"},"image":{"@id":"https:\/\/www.llandaffcathedral.org.uk\/cy\/discover-the-cathedral\/the-chapels\/#primaryimage"},"thumbnailUrl":"https:\/\/www.llandaffcathedral.org.uk\/app\/uploads\/sites\/2\/2023\/03\/BW5R8882.jpg","datePublished":"2023-03-06T11:02:02+00:00","dateModified":"2024-02-26T12:36:02+00:00","breadcrumb":{"@id":"https:\/\/www.llandaffcathedral.org.uk\/cy\/discover-the-cathedral\/the-chapels\/#breadcrumb"},"inLanguage":"cy","potentialAction":[{"@type":"ReadAction","target":["https:\/\/www.llandaffcathedral.org.uk\/cy\/discover-the-cathedral\/the-chapels\/"]}]},{"@type":"ImageObject","inLanguage":"cy","@id":"https:\/\/www.llandaffcathedral.org.uk\/cy\/discover-the-cathedral\/the-chapels\/#primaryimage","url":"https:\/\/www.llandaffcathedral.org.uk\/app\/uploads\/sites\/2\/2023\/03\/BW5R8882.jpg","contentUrl":"https:\/\/www.llandaffcathedral.org.uk\/app\/uploads\/sites\/2\/2023\/03\/BW5R8882.jpg","width":829,"height":1244},{"@type":"BreadcrumbList","@id":"https:\/\/www.llandaffcathedral.org.uk\/cy\/discover-the-cathedral\/the-chapels\/#breadcrumb","itemListElement":[{"@type":"ListItem","position":1,"name":"Home","item":"https:\/\/www.llandaffcathedral.org.uk\/cy\/"},{"@type":"ListItem","position":2,"name":"Discover the Cathedral","item":"https:\/\/www.llandaffcathedral.org.uk\/cy\/discover-the-cathedral\/"},{"@type":"ListItem","position":3,"name":"Y Capeli"}]},{"@type":"WebSite","@id":"https:\/\/www.llandaffcathedral.org.uk\/cy\/#website","url":"https:\/\/www.llandaffcathedral.org.uk\/cy\/","name":"Eglwys Gadeiriol Llandaf","description":"","potentialAction":[{"@type":"SearchAction","target":{"@type":"EntryPoint","urlTemplate":"https:\/\/www.llandaffcathedral.org.uk\/cy\/?s={search_term_string}"},"query-input":{"@type":"PropertyValueSpecification","valueRequired":true,"valueName":"search_term_string"}}],"inLanguage":"cy"}]}},"_links":{"self":[{"href":"https:\/\/www.llandaffcathedral.org.uk\/cy\/wp-json\/wp\/v2\/pages\/995","targetHints":{"allow":["GET"]}}],"collection":[{"href":"https:\/\/www.llandaffcathedral.org.uk\/cy\/wp-json\/wp\/v2\/pages"}],"about":[{"href":"https:\/\/www.llandaffcathedral.org.uk\/cy\/wp-json\/wp\/v2\/types\/page"}],"author":[{"embeddable":true,"href":"https:\/\/www.llandaffcathedral.org.uk\/cy\/wp-json\/wp\/v2\/users\/2"}],"replies":[{"embeddable":true,"href":"https:\/\/www.llandaffcathedral.org.uk\/cy\/wp-json\/wp\/v2\/comments?post=995"}],"version-history":[{"count":3,"href":"https:\/\/www.llandaffcathedral.org.uk\/cy\/wp-json\/wp\/v2\/pages\/995\/revisions"}],"predecessor-version":[{"id":4496,"href":"https:\/\/www.llandaffcathedral.org.uk\/cy\/wp-json\/wp\/v2\/pages\/995\/revisions\/4496"}],"up":[{"embeddable":true,"href":"https:\/\/www.llandaffcathedral.org.uk\/cy\/wp-json\/wp\/v2\/pages\/999"}],"wp:featuredmedia":[{"embeddable":true,"href":"https:\/\/www.llandaffcathedral.org.uk\/cy\/wp-json\/wp\/v2\/media\/1050"}],"wp:attachment":[{"href":"https:\/\/www.llandaffcathedral.org.uk\/cy\/wp-json\/wp\/v2\/media?parent=995"}],"curies":[{"name":"wp","href":"https:\/\/api.w.org\/{rel}","templated":true}]}}