{"id":792,"date":"2023-02-06T15:32:36","date_gmt":"2023-02-06T15:32:36","guid":{"rendered":"https:\/\/www.llandaffcathedral.org.uk\/cy\/?page_id=792"},"modified":"2024-02-08T11:34:05","modified_gmt":"2024-02-08T11:34:05","slug":"music-foundation","status":"publish","type":"page","link":"https:\/\/www.llandaffcathedral.org.uk\/cy\/music\/music-foundation\/","title":{"rendered":"Datblygiad yr Adran Gerdd"},"content":{"rendered":"\n<p>Mae\u2019r Deon a\u2019r Cabidwl wedi ymroi i gefnogi Adran Gerdd y Gadeirlan. Mae prosiect datblygu ar y gweill i gefnogi ac ehangu gweithgareddau&#8217;r adran yn well, ac i wella statws Eglwys Gadeiriol Llandaf fel hwb i greu cerddoriaeth ac addysg o&#8217;r radd flaenaf.<\/p>\n\n\n\n<p>Bydd y prosiect yn helpu\u2019r adran bresennol i ffynnu ac ehangu, ac i ymgysylltu \u00e2\u2019r gymuned ehangach yn ninas Caerdydd ac Esgobaeth Llandaf. Yn ogystal \u00e2 chynnal y safon uchel o gerddoriaeth y mae ein corau yn adnabyddus amdano, ein gweledigaeth yw creu ysgoloriaethau pellach ac ehangu mynediad i fwy o bobl i fod yn rhan o\u2019r broses o greu cerddoriaeth yma yn y Gadeirlan. Ein nod yw mynd ag addysg cerddoriaeth i ysgolion lleol er mwyn cyrraedd plant a allai fod heb ddarpariaeth fel arall a chreu mwy o gyfleoedd iddyn nhw yn y Gadeirlan drwy grwpiau cerddorol newydd. Rydyn ni\u2019n bwriadu rhoi Llandaf ar y map, yn lleol ac yn genedlaethol, fel Canolfan Gelfyddydol o\u2019r radd flaenaf, o ran allbwn cerddorol, cyrhaeddiad ac addysg, ynghyd \u00e2\u2019i phrif r\u00f4l fel man addoli hanesyddol.<\/p>\n\n\n\n<p>Mae&#8217;r gwaith hwn wedi dechrau\u2019n barod drwy greu r\u00f4l Animateur, prosiectau cerdd a chanu mewn ysgolion a Majestas Kids, gr\u0175p cerdd i blant oed Cynradd. Rydyn ni wedi ein cyffroi a\u2019n calonogi gan ddyfodol yr Adran Gerdd a ph\u0175er cerddoriaeth i drawsnewid bywydau.<\/p>\n\n\n\n<p>Rydyn ni wrthi&#8217;n chwilio am gyn aelodau o G\u00f4r y Gadeirlan i adeiladu cymdeithas o gyn-aelodau, ac rydyn ni wastad yn awyddus i gysylltu \u00e2&#8217;r rhai sydd \u00e2 diddordeb mewn cadw a sicrhau dyfodol cerddoriaeth y Gadeirlan ac i gyrraedd cymaint yn y gymuned \u00e2 phosib.<\/p>\n\n\n\n<p>Am fwy o wybodaeth, neu i ofyn am roi\u2019n rheolaidd neu gymynroddion i gefnogi\u2019r gwaith hwn, cysylltwch \u00e2\u2019r Cyfarwyddwr Cerdd <a href=\"mailto:stephenmoore@llandaffcathedral.org.uk\">stephenmoore@llandaffcathedral.org.uk<\/a>.<\/p>\n\n\n<section class=\"gallery-block block\" aria-label=\"\">\n  <div class=\"grid\">\n          <button class=\"gallery-item\" data-index=\"0\" aria-label=\"Open gallery modal\"\n              data-open=\"galleryModal\">\n        <img loading=\"lazy\" decoding=\"async\" width=\"480\" height=\"480\" src=\"https:\/\/www.llandaffcathedral.org.uk\/app\/uploads\/sites\/2\/2023\/03\/335903575_167749705698671_5912921291184720059_n-480x480.jpg\" class=\"attachment-image_square_xsmall size-image_square_xsmall\" alt=\"\" srcset=\"https:\/\/www.llandaffcathedral.org.uk\/app\/uploads\/sites\/2\/2023\/03\/335903575_167749705698671_5912921291184720059_n-480x480.jpg 480w, https:\/\/www.llandaffcathedral.org.uk\/app\/uploads\/sites\/2\/2023\/03\/335903575_167749705698671_5912921291184720059_n-150x150.jpg 150w, https:\/\/www.llandaffcathedral.org.uk\/app\/uploads\/sites\/2\/2023\/03\/335903575_167749705698671_5912921291184720059_n-1250x1250.jpg 1250w, https:\/\/www.llandaffcathedral.org.uk\/app\/uploads\/sites\/2\/2023\/03\/335903575_167749705698671_5912921291184720059_n-1024x1024.jpg 1024w, https:\/\/www.llandaffcathedral.org.uk\/app\/uploads\/sites\/2\/2023\/03\/335903575_167749705698671_5912921291184720059_n-640x640.jpg 640w\" sizes=\"auto, (max-width: 480px) 100vw, 480px\" \/>\n      <\/button>\n          <button class=\"gallery-item\" data-index=\"1\" aria-label=\"Open gallery modal\"\n              data-open=\"galleryModal\">\n        <img loading=\"lazy\" decoding=\"async\" width=\"480\" height=\"480\" src=\"https:\/\/www.llandaffcathedral.org.uk\/app\/uploads\/sites\/2\/2023\/03\/MF4-new-web-480x480.jpg\" class=\"attachment-image_square_xsmall size-image_square_xsmall\" alt=\"\" srcset=\"https:\/\/www.llandaffcathedral.org.uk\/app\/uploads\/sites\/2\/2023\/03\/MF4-new-web-480x480.jpg 480w, https:\/\/www.llandaffcathedral.org.uk\/app\/uploads\/sites\/2\/2023\/03\/MF4-new-web-150x150.jpg 150w, https:\/\/www.llandaffcathedral.org.uk\/app\/uploads\/sites\/2\/2023\/03\/MF4-new-web-1900x1900.jpg 1900w, https:\/\/www.llandaffcathedral.org.uk\/app\/uploads\/sites\/2\/2023\/03\/MF4-new-web-1250x1250.jpg 1250w, https:\/\/www.llandaffcathedral.org.uk\/app\/uploads\/sites\/2\/2023\/03\/MF4-new-web-1024x1024.jpg 1024w, https:\/\/www.llandaffcathedral.org.uk\/app\/uploads\/sites\/2\/2023\/03\/MF4-new-web-640x640.jpg 640w\" sizes=\"auto, (max-width: 480px) 100vw, 480px\" \/>\n      <\/button>\n          <button class=\"gallery-item\" data-index=\"2\" aria-label=\"Open gallery modal\"\n              data-open=\"galleryModal\">\n        <img loading=\"lazy\" decoding=\"async\" width=\"480\" height=\"480\" src=\"https:\/\/www.llandaffcathedral.org.uk\/app\/uploads\/sites\/2\/2023\/03\/MF1-new-web-480x480.jpg\" class=\"attachment-image_square_xsmall size-image_square_xsmall\" alt=\"\" srcset=\"https:\/\/www.llandaffcathedral.org.uk\/app\/uploads\/sites\/2\/2023\/03\/MF1-new-web-480x480.jpg 480w, https:\/\/www.llandaffcathedral.org.uk\/app\/uploads\/sites\/2\/2023\/03\/MF1-new-web-150x150.jpg 150w, https:\/\/www.llandaffcathedral.org.uk\/app\/uploads\/sites\/2\/2023\/03\/MF1-new-web-1250x1250.jpg 1250w, https:\/\/www.llandaffcathedral.org.uk\/app\/uploads\/sites\/2\/2023\/03\/MF1-new-web-1024x1024.jpg 1024w, https:\/\/www.llandaffcathedral.org.uk\/app\/uploads\/sites\/2\/2023\/03\/MF1-new-web-640x640.jpg 640w\" sizes=\"auto, (max-width: 480px) 100vw, 480px\" \/>\n      <\/button>\n          <button class=\"gallery-item\" data-index=\"3\" aria-label=\"Open gallery modal\"\n              data-open=\"galleryModal\">\n        <img loading=\"lazy\" decoding=\"async\" width=\"480\" height=\"480\" src=\"https:\/\/www.llandaffcathedral.org.uk\/app\/uploads\/sites\/2\/2023\/03\/MF3-new-web-480x480.jpeg\" class=\"attachment-image_square_xsmall size-image_square_xsmall\" alt=\"\" srcset=\"https:\/\/www.llandaffcathedral.org.uk\/app\/uploads\/sites\/2\/2023\/03\/MF3-new-web-480x480.jpeg 480w, https:\/\/www.llandaffcathedral.org.uk\/app\/uploads\/sites\/2\/2023\/03\/MF3-new-web-150x150.jpeg 150w, https:\/\/www.llandaffcathedral.org.uk\/app\/uploads\/sites\/2\/2023\/03\/MF3-new-web-1250x1250.jpeg 1250w, https:\/\/www.llandaffcathedral.org.uk\/app\/uploads\/sites\/2\/2023\/03\/MF3-new-web-1024x1024.jpeg 1024w, https:\/\/www.llandaffcathedral.org.uk\/app\/uploads\/sites\/2\/2023\/03\/MF3-new-web-640x640.jpeg 640w\" sizes=\"auto, (max-width: 480px) 100vw, 480px\" \/>\n      <\/button>\n      <\/div>\n\n  <div class=\"reveal large swiper-gallery\" id=\"galleryModal\" data-reveal>\n    <div class=\"swiper\">\n      <div class=\"swiper-wrapper\">\n                  <div class=\"swiper-slide \">\n            <img loading=\"lazy\" decoding=\"async\" width=\"1024\" height=\"683\" src=\"https:\/\/www.llandaffcathedral.org.uk\/app\/uploads\/sites\/2\/2023\/03\/335903575_167749705698671_5912921291184720059_n-1024x683.jpg\" class=\"attachment-large size-large\" alt=\"\" srcset=\"https:\/\/www.llandaffcathedral.org.uk\/app\/uploads\/sites\/2\/2023\/03\/335903575_167749705698671_5912921291184720059_n-1024x682.jpg 1024w, https:\/\/www.llandaffcathedral.org.uk\/app\/uploads\/sites\/2\/2023\/03\/335903575_167749705698671_5912921291184720059_n-300x200.jpg 300w, https:\/\/www.llandaffcathedral.org.uk\/app\/uploads\/sites\/2\/2023\/03\/335903575_167749705698671_5912921291184720059_n-768x512.jpg 768w, https:\/\/www.llandaffcathedral.org.uk\/app\/uploads\/sites\/2\/2023\/03\/335903575_167749705698671_5912921291184720059_n-1536x1025.jpg 1536w, https:\/\/www.llandaffcathedral.org.uk\/app\/uploads\/sites\/2\/2023\/03\/335903575_167749705698671_5912921291184720059_n-1900x1266.jpg 1900w, https:\/\/www.llandaffcathedral.org.uk\/app\/uploads\/sites\/2\/2023\/03\/335903575_167749705698671_5912921291184720059_n-1250x833.jpg 1250w, https:\/\/www.llandaffcathedral.org.uk\/app\/uploads\/sites\/2\/2023\/03\/335903575_167749705698671_5912921291184720059_n-640x426.jpg 640w, https:\/\/www.llandaffcathedral.org.uk\/app\/uploads\/sites\/2\/2023\/03\/335903575_167749705698671_5912921291184720059_n.jpg 2048w\" sizes=\"auto, (max-width: 1024px) 100vw, 1024px\" \/>\n          <\/div>\n                  <div class=\"swiper-slide \">\n            <img loading=\"lazy\" decoding=\"async\" width=\"1024\" height=\"947\" src=\"https:\/\/www.llandaffcathedral.org.uk\/app\/uploads\/sites\/2\/2023\/03\/MF4-new-web-1024x947.jpg\" class=\"attachment-large size-large\" alt=\"\" srcset=\"https:\/\/www.llandaffcathedral.org.uk\/app\/uploads\/sites\/2\/2023\/03\/MF4-new-web-1024x947.jpg 1024w, https:\/\/www.llandaffcathedral.org.uk\/app\/uploads\/sites\/2\/2023\/03\/MF4-new-web-300x277.jpg 300w, https:\/\/www.llandaffcathedral.org.uk\/app\/uploads\/sites\/2\/2023\/03\/MF4-new-web-768x710.jpg 768w, https:\/\/www.llandaffcathedral.org.uk\/app\/uploads\/sites\/2\/2023\/03\/MF4-new-web-1536x1421.jpg 1536w, https:\/\/www.llandaffcathedral.org.uk\/app\/uploads\/sites\/2\/2023\/03\/MF4-new-web-2048x1894.jpg 2048w\" sizes=\"auto, (max-width: 1024px) 100vw, 1024px\" \/>\n          <\/div>\n                  <div class=\"swiper-slide \">\n            <img loading=\"lazy\" decoding=\"async\" width=\"1024\" height=\"683\" src=\"https:\/\/www.llandaffcathedral.org.uk\/app\/uploads\/sites\/2\/2023\/03\/MF1-new-web-1024x683.jpg\" class=\"attachment-large size-large\" alt=\"\" srcset=\"https:\/\/www.llandaffcathedral.org.uk\/app\/uploads\/sites\/2\/2023\/03\/MF1-new-web-1024x682.jpg 1024w, https:\/\/www.llandaffcathedral.org.uk\/app\/uploads\/sites\/2\/2023\/03\/MF1-new-web-300x200.jpg 300w, https:\/\/www.llandaffcathedral.org.uk\/app\/uploads\/sites\/2\/2023\/03\/MF1-new-web-768x512.jpg 768w, https:\/\/www.llandaffcathedral.org.uk\/app\/uploads\/sites\/2\/2023\/03\/MF1-new-web-1536x1024.jpg 1536w, https:\/\/www.llandaffcathedral.org.uk\/app\/uploads\/sites\/2\/2023\/03\/MF1-new-web-2048x1365.jpg 2048w, https:\/\/www.llandaffcathedral.org.uk\/app\/uploads\/sites\/2\/2023\/03\/MF1-new-web-1900x1266.jpg 1900w, https:\/\/www.llandaffcathedral.org.uk\/app\/uploads\/sites\/2\/2023\/03\/MF1-new-web-1250x833.jpg 1250w, https:\/\/www.llandaffcathedral.org.uk\/app\/uploads\/sites\/2\/2023\/03\/MF1-new-web-640x426.jpg 640w\" sizes=\"auto, (max-width: 1024px) 100vw, 1024px\" \/>\n          <\/div>\n                  <div class=\"swiper-slide \">\n            <img loading=\"lazy\" decoding=\"async\" width=\"1024\" height=\"683\" src=\"https:\/\/www.llandaffcathedral.org.uk\/app\/uploads\/sites\/2\/2023\/03\/MF3-new-web-1024x683.jpeg\" class=\"attachment-large size-large\" alt=\"\" srcset=\"https:\/\/www.llandaffcathedral.org.uk\/app\/uploads\/sites\/2\/2023\/03\/MF3-new-web-1024x682.jpeg 1024w, https:\/\/www.llandaffcathedral.org.uk\/app\/uploads\/sites\/2\/2023\/03\/MF3-new-web-300x200.jpeg 300w, https:\/\/www.llandaffcathedral.org.uk\/app\/uploads\/sites\/2\/2023\/03\/MF3-new-web-768x512.jpeg 768w, https:\/\/www.llandaffcathedral.org.uk\/app\/uploads\/sites\/2\/2023\/03\/MF3-new-web-1536x1024.jpeg 1536w, https:\/\/www.llandaffcathedral.org.uk\/app\/uploads\/sites\/2\/2023\/03\/MF3-new-web-2048x1365.jpeg 2048w, https:\/\/www.llandaffcathedral.org.uk\/app\/uploads\/sites\/2\/2023\/03\/MF3-new-web-1900x1266.jpeg 1900w, https:\/\/www.llandaffcathedral.org.uk\/app\/uploads\/sites\/2\/2023\/03\/MF3-new-web-1250x833.jpeg 1250w, https:\/\/www.llandaffcathedral.org.uk\/app\/uploads\/sites\/2\/2023\/03\/MF3-new-web-640x426.jpeg 640w\" sizes=\"auto, (max-width: 1024px) 100vw, 1024px\" \/>\n          <\/div>\n              <\/div>\n    <\/div>\n\n    <div class=\"swiper-nav-container \">\n  <!-- If we need navigation buttons -->\n  <div class=\"swiper-buttons\">\n    <button class=\"swiper-prev hide-for-touch-device arrow-text-button left\" aria-label=\"Previous slide\">\n      <img decoding=\"async\" src=\"https:\/\/www.llandaffcathedral.org.uk\/app\/themes\/llandaffcathedral\/public\/images\/icons\/left-white.svg\" alt=\"left\">\n      <span class=\"show-for-sr\">\n        Previous\n      <\/span>\n    <\/button>\n    <button class=\"swiper-next hide-for-touch-device arrow-text-button right\" aria-label=\"Next slide\">\n      <img decoding=\"async\" src=\"https:\/\/www.llandaffcathedral.org.uk\/app\/themes\/llandaffcathedral\/public\/images\/icons\/right-white.svg\" alt=\"right\">\n      <span class=\"show-for-sr\">\n        Next\n      <\/span>\n    <\/button>\n  <\/div>\n<\/div>\n\n    <button class=\"close-button\" data-close aria-label=\"Close modal\" type=\"button\">\n      <span aria-hidden=\"true\">&times;<\/span>\n    <\/button>\n  <\/div>\n\n<\/section>\n","protected":false},"excerpt":{"rendered":"<p>Mae\u2019r Deon a\u2019r Cabidwl wedi ymroi i gefnogi Adran Gerdd y Gadeirlan. Mae prosiect datblygu ar y gweill i gefnogi ac ehangu gweithgareddau&#8217;r adran yn well, ac i wella statws Eglwys Gadeiriol Llandaf fel hwb i greu cerddoriaeth ac addysg o&#8217;r radd flaenaf. Bydd y prosiect yn helpu\u2019r adran bresennol i ffynnu ac ehangu, ac &hellip; <a href=\"https:\/\/www.llandaffcathedral.org.uk\/cy\/music\/music-foundation\/\">Continued<\/a><\/p>\n","protected":false},"author":2,"featured_media":1159,"parent":8,"menu_order":2,"comment_status":"closed","ping_status":"closed","template":"","meta":{"_acf_changed":false,"footnotes":""},"class_list":["post-792","page","type-page","status-publish","has-post-thumbnail","hentry"],"acf":[],"yoast_head":"<!-- This site is optimized with the Yoast SEO plugin v27.2 - https:\/\/yoast.com\/product\/yoast-seo-wordpress\/ -->\n<title>Datblygiad yr Adran Gerdd - Eglwys Gadeiriol Llandaf<\/title>\n<meta name=\"robots\" content=\"index, follow, max-snippet:-1, max-image-preview:large, max-video-preview:-1\" \/>\n<link rel=\"canonical\" href=\"https:\/\/www.llandaffcathedral.org.uk\/cy\/music\/music-foundation\/\" \/>\n<meta property=\"og:locale\" content=\"en_US\" \/>\n<meta property=\"og:type\" content=\"article\" \/>\n<meta property=\"og:title\" content=\"Datblygiad yr Adran Gerdd - Eglwys Gadeiriol Llandaf\" \/>\n<meta property=\"og:description\" content=\"Mae\u2019r Deon a\u2019r Cabidwl wedi ymroi i gefnogi Adran Gerdd y Gadeirlan. Mae prosiect datblygu ar y gweill i gefnogi ac ehangu gweithgareddau&#8217;r adran yn well, ac i wella statws Eglwys Gadeiriol Llandaf fel hwb i greu cerddoriaeth ac addysg o&#8217;r radd flaenaf. Bydd y prosiect yn helpu\u2019r adran bresennol i ffynnu ac ehangu, ac &hellip; Continued\" \/>\n<meta property=\"og:url\" content=\"https:\/\/www.llandaffcathedral.org.uk\/cy\/music\/music-foundation\/\" \/>\n<meta property=\"og:site_name\" content=\"Eglwys Gadeiriol Llandaf\" \/>\n<meta property=\"article:modified_time\" content=\"2024-02-08T11:34:05+00:00\" \/>\n<meta property=\"og:image\" content=\"https:\/\/staging.llandaffcathedral.org.uk\/app\/uploads\/sites\/2\/2023\/03\/MF3-new-web.jpeg\" \/>\n\t<meta property=\"og:image:width\" content=\"2508\" \/>\n\t<meta property=\"og:image:height\" content=\"1672\" \/>\n\t<meta property=\"og:image:type\" content=\"image\/jpeg\" \/>\n<meta name=\"twitter:card\" content=\"summary_large_image\" \/>\n<meta name=\"twitter:label1\" content=\"Est. reading time\" \/>\n\t<meta name=\"twitter:data1\" content=\"2 funud\" \/>\n<script type=\"application\/ld+json\" class=\"yoast-schema-graph\">{\"@context\":\"https:\/\/schema.org\",\"@graph\":[{\"@type\":\"WebPage\",\"@id\":\"https:\/\/www.llandaffcathedral.org.uk\/cy\/music\/music-foundation\/\",\"url\":\"https:\/\/www.llandaffcathedral.org.uk\/cy\/music\/music-foundation\/\",\"name\":\"Datblygiad yr Adran Gerdd - Eglwys Gadeiriol Llandaf\",\"isPartOf\":{\"@id\":\"https:\/\/www.llandaffcathedral.org.uk\/cy\/#website\"},\"primaryImageOfPage\":{\"@id\":\"https:\/\/www.llandaffcathedral.org.uk\/cy\/music\/music-foundation\/#primaryimage\"},\"image\":{\"@id\":\"https:\/\/www.llandaffcathedral.org.uk\/cy\/music\/music-foundation\/#primaryimage\"},\"thumbnailUrl\":\"https:\/\/www.llandaffcathedral.org.uk\/app\/uploads\/sites\/2\/2023\/03\/MF3-new-web.jpeg\",\"datePublished\":\"2023-02-06T15:32:36+00:00\",\"dateModified\":\"2024-02-08T11:34:05+00:00\",\"breadcrumb\":{\"@id\":\"https:\/\/www.llandaffcathedral.org.uk\/cy\/music\/music-foundation\/#breadcrumb\"},\"inLanguage\":\"cy\",\"potentialAction\":[{\"@type\":\"ReadAction\",\"target\":[\"https:\/\/www.llandaffcathedral.org.uk\/cy\/music\/music-foundation\/\"]}]},{\"@type\":\"ImageObject\",\"inLanguage\":\"cy\",\"@id\":\"https:\/\/www.llandaffcathedral.org.uk\/cy\/music\/music-foundation\/#primaryimage\",\"url\":\"https:\/\/www.llandaffcathedral.org.uk\/app\/uploads\/sites\/2\/2023\/03\/MF3-new-web.jpeg\",\"contentUrl\":\"https:\/\/www.llandaffcathedral.org.uk\/app\/uploads\/sites\/2\/2023\/03\/MF3-new-web.jpeg\",\"width\":2508,\"height\":1672},{\"@type\":\"BreadcrumbList\",\"@id\":\"https:\/\/www.llandaffcathedral.org.uk\/cy\/music\/music-foundation\/#breadcrumb\",\"itemListElement\":[{\"@type\":\"ListItem\",\"position\":1,\"name\":\"Home\",\"item\":\"https:\/\/www.llandaffcathedral.org.uk\/cy\/\"},{\"@type\":\"ListItem\",\"position\":2,\"name\":\"Cerddoriaeth\",\"item\":\"https:\/\/www.llandaffcathedral.org.uk\/cy\/music\/\"},{\"@type\":\"ListItem\",\"position\":3,\"name\":\"Datblygiad yr Adran Gerdd\"}]},{\"@type\":\"WebSite\",\"@id\":\"https:\/\/www.llandaffcathedral.org.uk\/cy\/#website\",\"url\":\"https:\/\/www.llandaffcathedral.org.uk\/cy\/\",\"name\":\"Eglwys Gadeiriol Llandaf\",\"description\":\"\",\"potentialAction\":[{\"@type\":\"SearchAction\",\"target\":{\"@type\":\"EntryPoint\",\"urlTemplate\":\"https:\/\/www.llandaffcathedral.org.uk\/cy\/?s={search_term_string}\"},\"query-input\":{\"@type\":\"PropertyValueSpecification\",\"valueRequired\":true,\"valueName\":\"search_term_string\"}}],\"inLanguage\":\"cy\"}]}<\/script>\n<!-- \/ Yoast SEO plugin. -->","yoast_head_json":{"title":"Datblygiad yr Adran Gerdd - Eglwys Gadeiriol Llandaf","robots":{"index":"index","follow":"follow","max-snippet":"max-snippet:-1","max-image-preview":"max-image-preview:large","max-video-preview":"max-video-preview:-1"},"canonical":"https:\/\/www.llandaffcathedral.org.uk\/cy\/music\/music-foundation\/","og_locale":"en_US","og_type":"article","og_title":"Datblygiad yr Adran Gerdd - Eglwys Gadeiriol Llandaf","og_description":"Mae\u2019r Deon a\u2019r Cabidwl wedi ymroi i gefnogi Adran Gerdd y Gadeirlan. Mae prosiect datblygu ar y gweill i gefnogi ac ehangu gweithgareddau&#8217;r adran yn well, ac i wella statws Eglwys Gadeiriol Llandaf fel hwb i greu cerddoriaeth ac addysg o&#8217;r radd flaenaf. Bydd y prosiect yn helpu\u2019r adran bresennol i ffynnu ac ehangu, ac &hellip; Continued","og_url":"https:\/\/www.llandaffcathedral.org.uk\/cy\/music\/music-foundation\/","og_site_name":"Eglwys Gadeiriol Llandaf","article_modified_time":"2024-02-08T11:34:05+00:00","og_image":[{"width":2508,"height":1672,"url":"https:\/\/staging.llandaffcathedral.org.uk\/app\/uploads\/sites\/2\/2023\/03\/MF3-new-web.jpeg","type":"image\/jpeg"}],"twitter_card":"summary_large_image","twitter_misc":{"Est. reading time":"2 funud"},"schema":{"@context":"https:\/\/schema.org","@graph":[{"@type":"WebPage","@id":"https:\/\/www.llandaffcathedral.org.uk\/cy\/music\/music-foundation\/","url":"https:\/\/www.llandaffcathedral.org.uk\/cy\/music\/music-foundation\/","name":"Datblygiad yr Adran Gerdd - Eglwys Gadeiriol Llandaf","isPartOf":{"@id":"https:\/\/www.llandaffcathedral.org.uk\/cy\/#website"},"primaryImageOfPage":{"@id":"https:\/\/www.llandaffcathedral.org.uk\/cy\/music\/music-foundation\/#primaryimage"},"image":{"@id":"https:\/\/www.llandaffcathedral.org.uk\/cy\/music\/music-foundation\/#primaryimage"},"thumbnailUrl":"https:\/\/www.llandaffcathedral.org.uk\/app\/uploads\/sites\/2\/2023\/03\/MF3-new-web.jpeg","datePublished":"2023-02-06T15:32:36+00:00","dateModified":"2024-02-08T11:34:05+00:00","breadcrumb":{"@id":"https:\/\/www.llandaffcathedral.org.uk\/cy\/music\/music-foundation\/#breadcrumb"},"inLanguage":"cy","potentialAction":[{"@type":"ReadAction","target":["https:\/\/www.llandaffcathedral.org.uk\/cy\/music\/music-foundation\/"]}]},{"@type":"ImageObject","inLanguage":"cy","@id":"https:\/\/www.llandaffcathedral.org.uk\/cy\/music\/music-foundation\/#primaryimage","url":"https:\/\/www.llandaffcathedral.org.uk\/app\/uploads\/sites\/2\/2023\/03\/MF3-new-web.jpeg","contentUrl":"https:\/\/www.llandaffcathedral.org.uk\/app\/uploads\/sites\/2\/2023\/03\/MF3-new-web.jpeg","width":2508,"height":1672},{"@type":"BreadcrumbList","@id":"https:\/\/www.llandaffcathedral.org.uk\/cy\/music\/music-foundation\/#breadcrumb","itemListElement":[{"@type":"ListItem","position":1,"name":"Home","item":"https:\/\/www.llandaffcathedral.org.uk\/cy\/"},{"@type":"ListItem","position":2,"name":"Cerddoriaeth","item":"https:\/\/www.llandaffcathedral.org.uk\/cy\/music\/"},{"@type":"ListItem","position":3,"name":"Datblygiad yr Adran Gerdd"}]},{"@type":"WebSite","@id":"https:\/\/www.llandaffcathedral.org.uk\/cy\/#website","url":"https:\/\/www.llandaffcathedral.org.uk\/cy\/","name":"Eglwys Gadeiriol Llandaf","description":"","potentialAction":[{"@type":"SearchAction","target":{"@type":"EntryPoint","urlTemplate":"https:\/\/www.llandaffcathedral.org.uk\/cy\/?s={search_term_string}"},"query-input":{"@type":"PropertyValueSpecification","valueRequired":true,"valueName":"search_term_string"}}],"inLanguage":"cy"}]}},"_links":{"self":[{"href":"https:\/\/www.llandaffcathedral.org.uk\/cy\/wp-json\/wp\/v2\/pages\/792","targetHints":{"allow":["GET"]}}],"collection":[{"href":"https:\/\/www.llandaffcathedral.org.uk\/cy\/wp-json\/wp\/v2\/pages"}],"about":[{"href":"https:\/\/www.llandaffcathedral.org.uk\/cy\/wp-json\/wp\/v2\/types\/page"}],"author":[{"embeddable":true,"href":"https:\/\/www.llandaffcathedral.org.uk\/cy\/wp-json\/wp\/v2\/users\/2"}],"replies":[{"embeddable":true,"href":"https:\/\/www.llandaffcathedral.org.uk\/cy\/wp-json\/wp\/v2\/comments?post=792"}],"version-history":[{"count":6,"href":"https:\/\/www.llandaffcathedral.org.uk\/cy\/wp-json\/wp\/v2\/pages\/792\/revisions"}],"predecessor-version":[{"id":4465,"href":"https:\/\/www.llandaffcathedral.org.uk\/cy\/wp-json\/wp\/v2\/pages\/792\/revisions\/4465"}],"up":[{"embeddable":true,"href":"https:\/\/www.llandaffcathedral.org.uk\/cy\/wp-json\/wp\/v2\/pages\/8"}],"wp:featuredmedia":[{"embeddable":true,"href":"https:\/\/www.llandaffcathedral.org.uk\/cy\/wp-json\/wp\/v2\/media\/1159"}],"wp:attachment":[{"href":"https:\/\/www.llandaffcathedral.org.uk\/cy\/wp-json\/wp\/v2\/media?parent=792"}],"curies":[{"name":"wp","href":"https:\/\/api.w.org\/{rel}","templated":true}]}}