{"id":4788,"date":"2025-06-16T11:25:11","date_gmt":"2025-06-16T11:25:11","guid":{"rendered":"https:\/\/www.llandaffcathedral.org.uk\/cy\/?page_id=4788"},"modified":"2025-06-16T11:25:11","modified_gmt":"2025-06-16T11:25:11","slug":"offeiriaid","status":"publish","type":"page","link":"https:\/\/www.llandaffcathedral.org.uk\/cy\/our-community\/offeiriaid\/","title":{"rendered":"Offeiriaid"},"content":{"rendered":"\n<div class=\"wp-block-columns is-layout-flex wp-container-core-columns-is-layout-9d6595d7 wp-block-columns-is-layout-flex\">\n<div class=\"wp-block-column is-layout-flow wp-block-column-is-layout-flow\" style=\"flex-basis:33.33%\">\n<figure class=\"wp-block-image size-full\"><img loading=\"lazy\" decoding=\"async\" width=\"776\" height=\"776\" src=\"https:\/\/www.llandaffcathedral.org.uk\/app\/uploads\/sites\/2\/2024\/09\/20240911_100550.jpg\" alt=\"\" class=\"wp-image-4707\" srcset=\"https:\/\/www.llandaffcathedral.org.uk\/app\/uploads\/sites\/2\/2024\/09\/20240911_100550.jpg 776w, https:\/\/www.llandaffcathedral.org.uk\/app\/uploads\/sites\/2\/2024\/09\/20240911_100550-300x300.jpg 300w, https:\/\/www.llandaffcathedral.org.uk\/app\/uploads\/sites\/2\/2024\/09\/20240911_100550-150x150.jpg 150w, https:\/\/www.llandaffcathedral.org.uk\/app\/uploads\/sites\/2\/2024\/09\/20240911_100550-768x768.jpg 768w, https:\/\/www.llandaffcathedral.org.uk\/app\/uploads\/sites\/2\/2024\/09\/20240911_100550-640x640.jpg 640w, https:\/\/www.llandaffcathedral.org.uk\/app\/uploads\/sites\/2\/2024\/09\/20240911_100550-480x480.jpg 480w\" sizes=\"auto, (max-width: 776px) 100vw, 776px\" \/><\/figure>\n<\/div>\n\n\n\n<div class=\"wp-block-column is-layout-flow wp-block-column-is-layout-flow\" style=\"flex-basis:66.66%\">\n<h2 class=\"wp-block-heading\">Y Deon \u2013 Y Parchedicaf Jason Bray<\/h2>\n\n\n\n<p>Daw Jason yn wreiddiol o Ferthyr Tudful, ac mae wedi gwasanaethu ei holl weinidogaeth ordeiniedig yn yr Eglwys yng Nghymru ers ei ordeinio gan yr Esgob Rowan Williams yn 1997. Heblaw am yn ystod ei gyfnod yn y brifysgol a hyfforddiant ar gyfer y weinidogaeth mae wedi byw yng Nghymru erioed, ac mae\u2019n yn meddu ar Gymraeg litwrgaidd a sgyrsiol sylfaenol.<\/p>\n\n\n\n<p>Gyda doethuriaeth mewn Diwinyddiaeth a diddordeb angerddol mewn ysgolheictod Beiblaidd, cyfundrefneg a hanes y canol oesoedd a\u2019r diwygiad, mae Jason yn awdur cyhoeddedig ac yn athro medrus y ffydd yn ogystal \u00e2 bod yn offeiriad doeth a bugeiliol ac yn arweinydd eglwysig profiadol. Mae cyhoeddi ei lyfr Gwaredigaeth: ymchwiliadau beunyddiol i\u2019r goruwchnaturiol am ei fywyd a\u2019i brofiadau fel gweinidog gwaredigaeth Anglicanaidd wedi golygu ei fod yn adnabyddus mewn rhai cylchoedd y tu allan i\u2019r Eglwys yng Nghymru.<\/p>\n\n\n\n<p>Cyn hynny roedd Jason yn Ficer San Silyn Wrecsam, sy\u2019n rhan o\u2019r Rhwydwaith Eglwysi Mawr ac yn eglwys blwyf ganoloesol fwyaf Cymru, lle y cryfhaodd a thyfodd y weinidogaeth yn San Silyn\u2019. Mae\u2019n feddyliwr strategol cryf gyda gogwydd at y dyfodol a chalon fugeiliol ac ewcharistaidd.<\/p>\n<\/div>\n<\/div>\n\n\n\n<div class=\"wp-block-columns is-layout-flex wp-container-core-columns-is-layout-9d6595d7 wp-block-columns-is-layout-flex\">\n<div class=\"wp-block-column is-layout-flow wp-block-column-is-layout-flow\" style=\"flex-basis:66.66%\">\n<h2 class=\"wp-block-heading\">Y Canon Bencantor \u00a0\u2013 Y Parchedig Canon Ian Yemm<\/h2>\n\n\n\n<p>Yn dilyn astudiaethau gradd mewn cerddoriaeth a Diwinyddiaeth, bu i Ian Yemm hyfforddi yn y Coleg Cerdd Brenhinol a\u2019r Academi Gerdd Frenhinol cyn mwynhau gyrfa lwyddiannus fel cerddor proffesiynol a thiwtor llais. Am bron i ddegawd, bu\u2019n Gaplan Cydlynu ym Mhrifysgol Gorllewin Lloegr, yn Is-Gadeirydd Bwrdd Addysg Esgobaethol Bryste ac yn aelod etholedig o Synod Cyffredinol Eglwys Loegr. Ar \u00f4l cael ei ordeinio yng Ngholeg Sant Padarn, bu\u2019n giwrat yn y Bontfaen a dilyn ei alwad gyntaf yn Radyr. Mae Ian yn Ymgynghorydd Galwedigaethol ac mae ganddo Radd meistri mewn Ysbrydolrwydd Cristnogol.<\/p>\n\n\n\n<p>Yn ddiweddar, etholwyd Ian i Gorff llywodraethol yr Egwlys yng Nghymru ac fe\u2019I urddwyd yn Ganon Bencantor yng Nghadeirlan Llandaf, lle mae ganddo gyfrifoldeb dros Addoliad, yr Adran Gerdd a Ch\u00f4r y Gadeirlan. Mae\u2019n briod \u00e2 Bernhard, sydd wedi gweithio fel meddyg yn y Gwasanaeth Iechyd Gyhoeddus ers dros ugain mlynedd.<\/p>\n<\/div>\n\n\n\n<div class=\"wp-block-column is-layout-flow wp-block-column-is-layout-flow\" style=\"flex-basis:33.33%\">\n<figure class=\"wp-block-image size-full\"><img loading=\"lazy\" decoding=\"async\" width=\"1540\" height=\"1540\" src=\"https:\/\/www.llandaffcathedral.org.uk\/app\/uploads\/sites\/2\/2023\/10\/Ian-Yemm-square.jpg\" alt=\"\" class=\"wp-image-3919\" srcset=\"https:\/\/www.llandaffcathedral.org.uk\/app\/uploads\/sites\/2\/2023\/10\/Ian-Yemm-square.jpg 1540w, https:\/\/www.llandaffcathedral.org.uk\/app\/uploads\/sites\/2\/2023\/10\/Ian-Yemm-square-300x300.jpg 300w, https:\/\/www.llandaffcathedral.org.uk\/app\/uploads\/sites\/2\/2023\/10\/Ian-Yemm-square-1024x1024.jpg 1024w, https:\/\/www.llandaffcathedral.org.uk\/app\/uploads\/sites\/2\/2023\/10\/Ian-Yemm-square-150x150.jpg 150w, https:\/\/www.llandaffcathedral.org.uk\/app\/uploads\/sites\/2\/2023\/10\/Ian-Yemm-square-768x768.jpg 768w, https:\/\/www.llandaffcathedral.org.uk\/app\/uploads\/sites\/2\/2023\/10\/Ian-Yemm-square-1536x1536.jpg 1536w, https:\/\/www.llandaffcathedral.org.uk\/app\/uploads\/sites\/2\/2023\/10\/Ian-Yemm-square-1250x1250.jpg 1250w, https:\/\/www.llandaffcathedral.org.uk\/app\/uploads\/sites\/2\/2023\/10\/Ian-Yemm-square-640x640.jpg 640w, https:\/\/www.llandaffcathedral.org.uk\/app\/uploads\/sites\/2\/2023\/10\/Ian-Yemm-square-480x480.jpg 480w\" sizes=\"auto, (max-width: 1540px) 100vw, 1540px\" \/><\/figure>\n<\/div>\n<\/div>\n\n\n\n<div class=\"wp-block-columns is-layout-flex wp-container-core-columns-is-layout-9d6595d7 wp-block-columns-is-layout-flex\">\n<div class=\"wp-block-column is-layout-flow wp-block-column-is-layout-flow\" style=\"flex-basis:33.33%\">\n<figure class=\"wp-block-image size-full\"><img loading=\"lazy\" decoding=\"async\" width=\"2560\" height=\"2560\" src=\"https:\/\/www.llandaffcathedral.org.uk\/app\/uploads\/sites\/2\/2025\/06\/DSC01468-scaled.jpg\" alt=\"\" class=\"wp-image-4784\" srcset=\"https:\/\/www.llandaffcathedral.org.uk\/app\/uploads\/sites\/2\/2025\/06\/DSC01468-scaled.jpg 2560w, https:\/\/www.llandaffcathedral.org.uk\/app\/uploads\/sites\/2\/2025\/06\/DSC01468-300x300.jpg 300w, https:\/\/www.llandaffcathedral.org.uk\/app\/uploads\/sites\/2\/2025\/06\/DSC01468-1024x1024.jpg 1024w, https:\/\/www.llandaffcathedral.org.uk\/app\/uploads\/sites\/2\/2025\/06\/DSC01468-150x150.jpg 150w, https:\/\/www.llandaffcathedral.org.uk\/app\/uploads\/sites\/2\/2025\/06\/DSC01468-768x768.jpg 768w, https:\/\/www.llandaffcathedral.org.uk\/app\/uploads\/sites\/2\/2025\/06\/DSC01468-1536x1536.jpg 1536w, https:\/\/www.llandaffcathedral.org.uk\/app\/uploads\/sites\/2\/2025\/06\/DSC01468-2048x2048.jpg 2048w, https:\/\/www.llandaffcathedral.org.uk\/app\/uploads\/sites\/2\/2025\/06\/DSC01468-1900x1900.jpg 1900w, https:\/\/www.llandaffcathedral.org.uk\/app\/uploads\/sites\/2\/2025\/06\/DSC01468-1250x1250.jpg 1250w, https:\/\/www.llandaffcathedral.org.uk\/app\/uploads\/sites\/2\/2025\/06\/DSC01468-640x640.jpg 640w, https:\/\/www.llandaffcathedral.org.uk\/app\/uploads\/sites\/2\/2025\/06\/DSC01468-480x480.jpg 480w\" sizes=\"auto, (max-width: 2560px) 100vw, 2560px\" \/><\/figure>\n<\/div>\n\n\n\n<div class=\"wp-block-column is-layout-flow wp-block-column-is-layout-flow\" style=\"flex-basis:66.66%\">\n<h2 class=\"wp-block-heading\">Y Parchedig Canon Alison Dummer<\/h2>\n\n\n\n<p>Magwyd Alison fel aelod o&#8217;r Exclusive Plymouth Brethren ym Merthyr Tudful. Ar \u00f4l dod yn Fedyddiwr, astudiodd ym Mhrifysgol Caerdydd gan ennill BD a Diploma mewn Astudiaethau Bugeiliol. Ynghyd \u00e2&#8217;i g\u0175r, y Parchedig Ddr Marc Dummer, symudodd i&#8217;r Eglwys Ddiwygiedig Unedig ym 1990 pan gafodd ei hordeinio&#8217;n Weinidog y Gair a&#8217;r Sacrament. Yna gwasanaethodd fel Gweinidog yng Ngr\u0175p De Sheffield o Eglwysi Ddiwygiedig Unedig tan 1996 pan symudodd i weinidogaeth ar y cyd yn y Rhath, Caerdydd, gan wasanaethu am 20 mlynedd. <\/p>\n\n\n\n<p>Mae hi&#8217;n aelod o Fynachlog Tymawr ac wedi ymweld ac aros yno&#8217;n rheolaidd ers 1977. Felly mae ei symud i&#8217;r Eglwys yng Nghymru wedi ymddangos yn drawsnewidiad naturiol. Cafodd ei hordeinio&#8217;n Offeiriad yn 2024 ac mae bellach yn gwasanaethu fel Curad yn yr Eglwys Gadeiriol &#8211; rhan-amser, di-gyflog &#8211; yr hyn y mae hi&#8217;n ei ystyried yn fraint ac yn bleser.<\/p>\n<\/div>\n<\/div>\n","protected":false},"excerpt":{"rendered":"<p>Y Deon \u2013 Y Parchedicaf Jason Bray Daw Jason yn wreiddiol o Ferthyr Tudful, ac mae wedi gwasanaethu ei holl weinidogaeth ordeiniedig yn yr Eglwys yng Nghymru ers ei ordeinio gan yr Esgob Rowan Williams yn 1997. Heblaw am yn ystod ei gyfnod yn y brifysgol a hyfforddiant ar gyfer y weinidogaeth mae wedi byw &hellip; <a href=\"https:\/\/www.llandaffcathedral.org.uk\/cy\/our-community\/offeiriaid\/\">Continued<\/a><\/p>\n","protected":false},"author":2,"featured_media":4783,"parent":972,"menu_order":0,"comment_status":"closed","ping_status":"closed","template":"","meta":{"_acf_changed":false,"footnotes":""},"class_list":["post-4788","page","type-page","status-publish","has-post-thumbnail","hentry"],"acf":[],"yoast_head":"<!-- This site is optimized with the Yoast SEO plugin v27.2 - https:\/\/yoast.com\/product\/yoast-seo-wordpress\/ -->\n<title>Offeiriaid - Eglwys Gadeiriol Llandaf<\/title>\n<meta name=\"robots\" content=\"index, follow, max-snippet:-1, max-image-preview:large, max-video-preview:-1\" \/>\n<link rel=\"canonical\" href=\"https:\/\/www.llandaffcathedral.org.uk\/cy\/our-community\/offeiriaid\/\" \/>\n<meta property=\"og:locale\" content=\"en_US\" \/>\n<meta property=\"og:type\" content=\"article\" \/>\n<meta property=\"og:title\" content=\"Offeiriaid - Eglwys Gadeiriol Llandaf\" \/>\n<meta property=\"og:description\" content=\"Y Deon \u2013 Y Parchedicaf Jason Bray Daw Jason yn wreiddiol o Ferthyr Tudful, ac mae wedi gwasanaethu ei holl weinidogaeth ordeiniedig yn yr Eglwys yng Nghymru ers ei ordeinio gan yr Esgob Rowan Williams yn 1997. Heblaw am yn ystod ei gyfnod yn y brifysgol a hyfforddiant ar gyfer y weinidogaeth mae wedi byw &hellip; Continued\" \/>\n<meta property=\"og:url\" content=\"https:\/\/www.llandaffcathedral.org.uk\/cy\/our-community\/offeiriaid\/\" \/>\n<meta property=\"og:site_name\" content=\"Eglwys Gadeiriol Llandaf\" \/>\n<meta property=\"og:image\" content=\"https:\/\/www.llandaffcathedral.org.uk\/app\/uploads\/sites\/2\/2025\/06\/20240911_100550.jpg\" \/>\n\t<meta property=\"og:image:width\" content=\"1451\" \/>\n\t<meta property=\"og:image:height\" content=\"1451\" \/>\n\t<meta property=\"og:image:type\" content=\"image\/jpeg\" \/>\n<meta name=\"twitter:card\" content=\"summary_large_image\" \/>\n<meta name=\"twitter:label1\" content=\"Est. reading time\" \/>\n\t<meta name=\"twitter:data1\" content=\"4 munud\" \/>\n<script type=\"application\/ld+json\" class=\"yoast-schema-graph\">{\"@context\":\"https:\/\/schema.org\",\"@graph\":[{\"@type\":\"WebPage\",\"@id\":\"https:\/\/www.llandaffcathedral.org.uk\/cy\/our-community\/offeiriaid\/\",\"url\":\"https:\/\/www.llandaffcathedral.org.uk\/cy\/our-community\/offeiriaid\/\",\"name\":\"Offeiriaid - Eglwys Gadeiriol Llandaf\",\"isPartOf\":{\"@id\":\"https:\/\/www.llandaffcathedral.org.uk\/cy\/#website\"},\"primaryImageOfPage\":{\"@id\":\"https:\/\/www.llandaffcathedral.org.uk\/cy\/our-community\/offeiriaid\/#primaryimage\"},\"image\":{\"@id\":\"https:\/\/www.llandaffcathedral.org.uk\/cy\/our-community\/offeiriaid\/#primaryimage\"},\"thumbnailUrl\":\"https:\/\/www.llandaffcathedral.org.uk\/app\/uploads\/sites\/2\/2025\/06\/20240911_100550.jpg\",\"datePublished\":\"2025-06-16T11:25:11+00:00\",\"breadcrumb\":{\"@id\":\"https:\/\/www.llandaffcathedral.org.uk\/cy\/our-community\/offeiriaid\/#breadcrumb\"},\"inLanguage\":\"cy\",\"potentialAction\":[{\"@type\":\"ReadAction\",\"target\":[\"https:\/\/www.llandaffcathedral.org.uk\/cy\/our-community\/offeiriaid\/\"]}]},{\"@type\":\"ImageObject\",\"inLanguage\":\"cy\",\"@id\":\"https:\/\/www.llandaffcathedral.org.uk\/cy\/our-community\/offeiriaid\/#primaryimage\",\"url\":\"https:\/\/www.llandaffcathedral.org.uk\/app\/uploads\/sites\/2\/2025\/06\/20240911_100550.jpg\",\"contentUrl\":\"https:\/\/www.llandaffcathedral.org.uk\/app\/uploads\/sites\/2\/2025\/06\/20240911_100550.jpg\",\"width\":1451,\"height\":1451},{\"@type\":\"BreadcrumbList\",\"@id\":\"https:\/\/www.llandaffcathedral.org.uk\/cy\/our-community\/offeiriaid\/#breadcrumb\",\"itemListElement\":[{\"@type\":\"ListItem\",\"position\":1,\"name\":\"Home\",\"item\":\"https:\/\/www.llandaffcathedral.org.uk\/cy\/\"},{\"@type\":\"ListItem\",\"position\":2,\"name\":\"Ein cymuned\",\"item\":\"https:\/\/www.llandaffcathedral.org.uk\/cy\/our-community\/\"},{\"@type\":\"ListItem\",\"position\":3,\"name\":\"Offeiriaid\"}]},{\"@type\":\"WebSite\",\"@id\":\"https:\/\/www.llandaffcathedral.org.uk\/cy\/#website\",\"url\":\"https:\/\/www.llandaffcathedral.org.uk\/cy\/\",\"name\":\"Eglwys Gadeiriol Llandaf\",\"description\":\"\",\"potentialAction\":[{\"@type\":\"SearchAction\",\"target\":{\"@type\":\"EntryPoint\",\"urlTemplate\":\"https:\/\/www.llandaffcathedral.org.uk\/cy\/?s={search_term_string}\"},\"query-input\":{\"@type\":\"PropertyValueSpecification\",\"valueRequired\":true,\"valueName\":\"search_term_string\"}}],\"inLanguage\":\"cy\"}]}<\/script>\n<!-- \/ Yoast SEO plugin. -->","yoast_head_json":{"title":"Offeiriaid - Eglwys Gadeiriol Llandaf","robots":{"index":"index","follow":"follow","max-snippet":"max-snippet:-1","max-image-preview":"max-image-preview:large","max-video-preview":"max-video-preview:-1"},"canonical":"https:\/\/www.llandaffcathedral.org.uk\/cy\/our-community\/offeiriaid\/","og_locale":"en_US","og_type":"article","og_title":"Offeiriaid - Eglwys Gadeiriol Llandaf","og_description":"Y Deon \u2013 Y Parchedicaf Jason Bray Daw Jason yn wreiddiol o Ferthyr Tudful, ac mae wedi gwasanaethu ei holl weinidogaeth ordeiniedig yn yr Eglwys yng Nghymru ers ei ordeinio gan yr Esgob Rowan Williams yn 1997. Heblaw am yn ystod ei gyfnod yn y brifysgol a hyfforddiant ar gyfer y weinidogaeth mae wedi byw &hellip; Continued","og_url":"https:\/\/www.llandaffcathedral.org.uk\/cy\/our-community\/offeiriaid\/","og_site_name":"Eglwys Gadeiriol Llandaf","og_image":[{"width":1451,"height":1451,"url":"https:\/\/www.llandaffcathedral.org.uk\/app\/uploads\/sites\/2\/2025\/06\/20240911_100550.jpg","type":"image\/jpeg"}],"twitter_card":"summary_large_image","twitter_misc":{"Est. reading time":"4 munud"},"schema":{"@context":"https:\/\/schema.org","@graph":[{"@type":"WebPage","@id":"https:\/\/www.llandaffcathedral.org.uk\/cy\/our-community\/offeiriaid\/","url":"https:\/\/www.llandaffcathedral.org.uk\/cy\/our-community\/offeiriaid\/","name":"Offeiriaid - Eglwys Gadeiriol Llandaf","isPartOf":{"@id":"https:\/\/www.llandaffcathedral.org.uk\/cy\/#website"},"primaryImageOfPage":{"@id":"https:\/\/www.llandaffcathedral.org.uk\/cy\/our-community\/offeiriaid\/#primaryimage"},"image":{"@id":"https:\/\/www.llandaffcathedral.org.uk\/cy\/our-community\/offeiriaid\/#primaryimage"},"thumbnailUrl":"https:\/\/www.llandaffcathedral.org.uk\/app\/uploads\/sites\/2\/2025\/06\/20240911_100550.jpg","datePublished":"2025-06-16T11:25:11+00:00","breadcrumb":{"@id":"https:\/\/www.llandaffcathedral.org.uk\/cy\/our-community\/offeiriaid\/#breadcrumb"},"inLanguage":"cy","potentialAction":[{"@type":"ReadAction","target":["https:\/\/www.llandaffcathedral.org.uk\/cy\/our-community\/offeiriaid\/"]}]},{"@type":"ImageObject","inLanguage":"cy","@id":"https:\/\/www.llandaffcathedral.org.uk\/cy\/our-community\/offeiriaid\/#primaryimage","url":"https:\/\/www.llandaffcathedral.org.uk\/app\/uploads\/sites\/2\/2025\/06\/20240911_100550.jpg","contentUrl":"https:\/\/www.llandaffcathedral.org.uk\/app\/uploads\/sites\/2\/2025\/06\/20240911_100550.jpg","width":1451,"height":1451},{"@type":"BreadcrumbList","@id":"https:\/\/www.llandaffcathedral.org.uk\/cy\/our-community\/offeiriaid\/#breadcrumb","itemListElement":[{"@type":"ListItem","position":1,"name":"Home","item":"https:\/\/www.llandaffcathedral.org.uk\/cy\/"},{"@type":"ListItem","position":2,"name":"Ein cymuned","item":"https:\/\/www.llandaffcathedral.org.uk\/cy\/our-community\/"},{"@type":"ListItem","position":3,"name":"Offeiriaid"}]},{"@type":"WebSite","@id":"https:\/\/www.llandaffcathedral.org.uk\/cy\/#website","url":"https:\/\/www.llandaffcathedral.org.uk\/cy\/","name":"Eglwys Gadeiriol Llandaf","description":"","potentialAction":[{"@type":"SearchAction","target":{"@type":"EntryPoint","urlTemplate":"https:\/\/www.llandaffcathedral.org.uk\/cy\/?s={search_term_string}"},"query-input":{"@type":"PropertyValueSpecification","valueRequired":true,"valueName":"search_term_string"}}],"inLanguage":"cy"}]}},"_links":{"self":[{"href":"https:\/\/www.llandaffcathedral.org.uk\/cy\/wp-json\/wp\/v2\/pages\/4788","targetHints":{"allow":["GET"]}}],"collection":[{"href":"https:\/\/www.llandaffcathedral.org.uk\/cy\/wp-json\/wp\/v2\/pages"}],"about":[{"href":"https:\/\/www.llandaffcathedral.org.uk\/cy\/wp-json\/wp\/v2\/types\/page"}],"author":[{"embeddable":true,"href":"https:\/\/www.llandaffcathedral.org.uk\/cy\/wp-json\/wp\/v2\/users\/2"}],"replies":[{"embeddable":true,"href":"https:\/\/www.llandaffcathedral.org.uk\/cy\/wp-json\/wp\/v2\/comments?post=4788"}],"version-history":[{"count":1,"href":"https:\/\/www.llandaffcathedral.org.uk\/cy\/wp-json\/wp\/v2\/pages\/4788\/revisions"}],"predecessor-version":[{"id":4790,"href":"https:\/\/www.llandaffcathedral.org.uk\/cy\/wp-json\/wp\/v2\/pages\/4788\/revisions\/4790"}],"up":[{"embeddable":true,"href":"https:\/\/www.llandaffcathedral.org.uk\/cy\/wp-json\/wp\/v2\/pages\/972"}],"wp:featuredmedia":[{"embeddable":true,"href":"https:\/\/www.llandaffcathedral.org.uk\/cy\/wp-json\/wp\/v2\/media\/4783"}],"wp:attachment":[{"href":"https:\/\/www.llandaffcathedral.org.uk\/cy\/wp-json\/wp\/v2\/media?parent=4788"}],"curies":[{"name":"wp","href":"https:\/\/api.w.org\/{rel}","templated":true}]}}