{"id":38,"date":"2022-10-19T14:26:53","date_gmt":"2022-10-19T14:26:53","guid":{"rendered":"https:\/\/www.llandaffcathedral.org.uk\/cy\/cathedral-community\/people-of-the-cathedral\/"},"modified":"2024-02-26T13:25:08","modified_gmt":"2024-02-26T13:25:08","slug":"people-of-the-cathedral","status":"publish","type":"page","link":"https:\/\/www.llandaffcathedral.org.uk\/cy\/our-community\/people-of-the-cathedral\/","title":{"rendered":"Gr\u0175piau\u2019r Gadeirlan"},"content":{"rendered":"\n<p>Y Gadeirlan yw calon cymuned Llandaf ac mae\u2019n Fam Eglwys ar gyfer Esgobaeth Llandaf. Rydym yn croesawu nifer o gr\u0175piau cymunedol sy\u2019n ymgynnull yn y Gadeirlan a Neuadd y Plwyf, gan gynnig cyfleoedd arbennig i gwrdd ag eraill.<\/p>\n\n\n\n<p>Os hoffech ymuno, danfonwch neges neu gliciwch y botwm ised er mwyn canfod mwy am ein cyfleoedd gwirfoddoli.<\/p>\n\n\n<div class=\"buttons align-\">\n    <a href=\"https:\/\/www.llandaffcathedral.org.uk\/cy\/our-community\/volunteering-opportunities\/\" title=\"Cyfleoedd Gwirfoddoli\" \n       class=\"button primary   \">\n\n      \n      Cyfleoedd Gwirfoddoli\n    <\/a>\n  <\/div>\n\n\n<ul class=\"accordion\" data-accordion data-allow-all-closed=\"true\">\n  \n<li class=\"accordion-item \" data-accordion-item>\n  <a class=\"accordion-title\">Cyngor Cymunedol Cadeirlan Llandaf (LCCC)<\/a>\n  <div class=\"accordion-content\" data-tab-content>\n    \n\n<p>Mae\u2019r LCCC yn gorff etholedig sy\u2019n gweithio gyda\u2019r Cabidwl ar gynghori a datblygu\u2019i strategaeth.<\/p>\n\n\n  <\/div>\n<\/li>\n\n\n<li class=\"accordion-item \" data-accordion-item>\n  <a class=\"accordion-title\">Cyngor Ieuenctid y Gadierlan<\/a>\n  <div class=\"accordion-content\" data-tab-content>\n    \n\n<p>Mae Cyngor Ieuenctid y Gadeirlan yn cynnwys pobl ifainc 10-15 oed ac y neu galluogi i fod yn rhan a threfnu gweithgareddau a hyrwyddo\u2019i syniadau o fewn cymuned y Gadeirlan.<\/p>\n\n\n  <\/div>\n<\/li>\n\n\n<li class=\"accordion-item \" data-accordion-item>\n  <a class=\"accordion-title\">Plant y Gadeirlan<\/a>\n  <div class=\"accordion-content\" data-tab-content>\n    \n\n<p>Mae gr\u0175p meithrin Plant y Gadeirlan yn rhoi cyfle i rieni gyd-chwarae gyda\u2019u plant mewn awyrgylch ddiogel a hwylus. Mae\u2019r gr\u0175p yn cwrdd bob bore Mercher rhwng 9.15 a 11yb yn ystod tymor yr ysgolion.<\/p>\n\n\n  <\/div>\n<\/li>\n\n\n<li class=\"accordion-item \" data-accordion-item>\n  <a class=\"accordion-title\">Gr\u0175p Eco-Eglwys<\/a>\n  <div class=\"accordion-content\" data-tab-content>\n    \n\n<p>Mae\u2019r Gr\u0175p Eco-Eglwys yn bwyllgor o bobl uchelgeisiol sydd yn anelu at leihau \u00f4l-troed Carbon y Gadeirlan ac yn hyrwyddo materion amgylcheddol. Derbyniodd y gr\u0175p Wobr Efydd Rocha UK ac maent yn gweithio tuag at y Wobr Arian!<\/p>\n\n\n  <\/div>\n<\/li>\n\n\n<li class=\"accordion-item \" data-accordion-item>\n  <a class=\"accordion-title\">Undeb y Mamau<\/a>\n  <div class=\"accordion-content\" data-tab-content>\n    \n\n<p>Mae gan Llandaf gangen weithgar o Undeb y Mamau sydd yn cwrdd yn rheolaidd ac yn cynnal gwasanaethau yn y Gadeirlan.<\/p>\n\n\n  <\/div>\n<\/li>\n\n\n<li class=\"accordion-item \" data-accordion-item>\n  <a class=\"accordion-title\">Urdd Sant Teilo<\/a>\n  <div class=\"accordion-content\" data-tab-content>\n    \n\n<p>Mae Urdd Sant Teilo\u2019n cynnig cymuned gymrodorol ar gyfer gwragedd ac yn cwrdd yn fisol yn Neuadd y Plwyf.<\/p>\n\n\n  <\/div>\n<\/li>\n\n\n<\/ul>\n","protected":false},"excerpt":{"rendered":"<p>Y Gadeirlan yw calon cymuned Llandaf ac mae\u2019n Fam Eglwys ar gyfer Esgobaeth Llandaf. Rydym yn croesawu nifer o gr\u0175piau cymunedol sy\u2019n ymgynnull yn y Gadeirlan a Neuadd y Plwyf, gan gynnig cyfleoedd arbennig i gwrdd ag eraill. Os hoffech ymuno, danfonwch neges neu gliciwch y botwm ised er mwyn canfod mwy am ein cyfleoedd &hellip; <a href=\"https:\/\/www.llandaffcathedral.org.uk\/cy\/our-community\/people-of-the-cathedral\/\">Continued<\/a><\/p>\n","protected":false},"author":1,"featured_media":1190,"parent":972,"menu_order":3,"comment_status":"closed","ping_status":"closed","template":"","meta":{"_acf_changed":false,"footnotes":""},"class_list":["post-38","page","type-page","status-publish","has-post-thumbnail","hentry"],"acf":[],"yoast_head":"<!-- This site is optimized with the Yoast SEO plugin v27.2 - https:\/\/yoast.com\/product\/yoast-seo-wordpress\/ -->\n<title>Gr\u0175piau\u2019r Gadeirlan - Eglwys Gadeiriol Llandaf<\/title>\n<meta name=\"robots\" content=\"index, follow, max-snippet:-1, max-image-preview:large, max-video-preview:-1\" \/>\n<link rel=\"canonical\" href=\"https:\/\/www.llandaffcathedral.org.uk\/cy\/our-community\/people-of-the-cathedral\/\" \/>\n<meta property=\"og:locale\" content=\"en_US\" \/>\n<meta property=\"og:type\" content=\"article\" \/>\n<meta property=\"og:title\" content=\"Gr\u0175piau\u2019r Gadeirlan - Eglwys Gadeiriol Llandaf\" \/>\n<meta property=\"og:description\" content=\"Y Gadeirlan yw calon cymuned Llandaf ac mae\u2019n Fam Eglwys ar gyfer Esgobaeth Llandaf. Rydym yn croesawu nifer o gr\u0175piau cymunedol sy\u2019n ymgynnull yn y Gadeirlan a Neuadd y Plwyf, gan gynnig cyfleoedd arbennig i gwrdd ag eraill. Os hoffech ymuno, danfonwch neges neu gliciwch y botwm ised er mwyn canfod mwy am ein cyfleoedd &hellip; Continued\" \/>\n<meta property=\"og:url\" content=\"https:\/\/www.llandaffcathedral.org.uk\/cy\/our-community\/people-of-the-cathedral\/\" \/>\n<meta property=\"og:site_name\" content=\"Eglwys Gadeiriol Llandaf\" \/>\n<meta property=\"article:modified_time\" content=\"2024-02-26T13:25:08+00:00\" \/>\n<meta property=\"og:image\" content=\"https:\/\/staging.llandaffcathedral.org.uk\/app\/uploads\/sites\/2\/2023\/03\/20220410_090432-web-scaled.jpg\" \/>\n\t<meta property=\"og:image:width\" content=\"2560\" \/>\n\t<meta property=\"og:image:height\" content=\"1440\" \/>\n\t<meta property=\"og:image:type\" content=\"image\/jpeg\" \/>\n<meta name=\"twitter:card\" content=\"summary_large_image\" \/>\n<meta name=\"twitter:label1\" content=\"Est. reading time\" \/>\n\t<meta name=\"twitter:data1\" content=\"2 funud\" \/>\n<script type=\"application\/ld+json\" class=\"yoast-schema-graph\">{\"@context\":\"https:\/\/schema.org\",\"@graph\":[{\"@type\":\"WebPage\",\"@id\":\"https:\/\/www.llandaffcathedral.org.uk\/cy\/our-community\/people-of-the-cathedral\/\",\"url\":\"https:\/\/www.llandaffcathedral.org.uk\/cy\/our-community\/people-of-the-cathedral\/\",\"name\":\"Gr\u0175piau\u2019r Gadeirlan - Eglwys Gadeiriol Llandaf\",\"isPartOf\":{\"@id\":\"https:\/\/www.llandaffcathedral.org.uk\/cy\/#website\"},\"primaryImageOfPage\":{\"@id\":\"https:\/\/www.llandaffcathedral.org.uk\/cy\/our-community\/people-of-the-cathedral\/#primaryimage\"},\"image\":{\"@id\":\"https:\/\/www.llandaffcathedral.org.uk\/cy\/our-community\/people-of-the-cathedral\/#primaryimage\"},\"thumbnailUrl\":\"https:\/\/www.llandaffcathedral.org.uk\/app\/uploads\/sites\/2\/2023\/03\/20220410_090432-web-scaled.jpg\",\"datePublished\":\"2022-10-19T14:26:53+00:00\",\"dateModified\":\"2024-02-26T13:25:08+00:00\",\"breadcrumb\":{\"@id\":\"https:\/\/www.llandaffcathedral.org.uk\/cy\/our-community\/people-of-the-cathedral\/#breadcrumb\"},\"inLanguage\":\"cy\",\"potentialAction\":[{\"@type\":\"ReadAction\",\"target\":[\"https:\/\/www.llandaffcathedral.org.uk\/cy\/our-community\/people-of-the-cathedral\/\"]}]},{\"@type\":\"ImageObject\",\"inLanguage\":\"cy\",\"@id\":\"https:\/\/www.llandaffcathedral.org.uk\/cy\/our-community\/people-of-the-cathedral\/#primaryimage\",\"url\":\"https:\/\/www.llandaffcathedral.org.uk\/app\/uploads\/sites\/2\/2023\/03\/20220410_090432-web-scaled.jpg\",\"contentUrl\":\"https:\/\/www.llandaffcathedral.org.uk\/app\/uploads\/sites\/2\/2023\/03\/20220410_090432-web-scaled.jpg\",\"width\":2560,\"height\":1440},{\"@type\":\"BreadcrumbList\",\"@id\":\"https:\/\/www.llandaffcathedral.org.uk\/cy\/our-community\/people-of-the-cathedral\/#breadcrumb\",\"itemListElement\":[{\"@type\":\"ListItem\",\"position\":1,\"name\":\"Home\",\"item\":\"https:\/\/www.llandaffcathedral.org.uk\/cy\/\"},{\"@type\":\"ListItem\",\"position\":2,\"name\":\"Ein cymuned\",\"item\":\"https:\/\/www.llandaffcathedral.org.uk\/cy\/our-community\/\"},{\"@type\":\"ListItem\",\"position\":3,\"name\":\"Gr\u0175piau\u2019r Gadeirlan\"}]},{\"@type\":\"WebSite\",\"@id\":\"https:\/\/www.llandaffcathedral.org.uk\/cy\/#website\",\"url\":\"https:\/\/www.llandaffcathedral.org.uk\/cy\/\",\"name\":\"Eglwys Gadeiriol Llandaf\",\"description\":\"\",\"potentialAction\":[{\"@type\":\"SearchAction\",\"target\":{\"@type\":\"EntryPoint\",\"urlTemplate\":\"https:\/\/www.llandaffcathedral.org.uk\/cy\/?s={search_term_string}\"},\"query-input\":{\"@type\":\"PropertyValueSpecification\",\"valueRequired\":true,\"valueName\":\"search_term_string\"}}],\"inLanguage\":\"cy\"}]}<\/script>\n<!-- \/ Yoast SEO plugin. -->","yoast_head_json":{"title":"Gr\u0175piau\u2019r Gadeirlan - Eglwys Gadeiriol Llandaf","robots":{"index":"index","follow":"follow","max-snippet":"max-snippet:-1","max-image-preview":"max-image-preview:large","max-video-preview":"max-video-preview:-1"},"canonical":"https:\/\/www.llandaffcathedral.org.uk\/cy\/our-community\/people-of-the-cathedral\/","og_locale":"en_US","og_type":"article","og_title":"Gr\u0175piau\u2019r Gadeirlan - Eglwys Gadeiriol Llandaf","og_description":"Y Gadeirlan yw calon cymuned Llandaf ac mae\u2019n Fam Eglwys ar gyfer Esgobaeth Llandaf. Rydym yn croesawu nifer o gr\u0175piau cymunedol sy\u2019n ymgynnull yn y Gadeirlan a Neuadd y Plwyf, gan gynnig cyfleoedd arbennig i gwrdd ag eraill. Os hoffech ymuno, danfonwch neges neu gliciwch y botwm ised er mwyn canfod mwy am ein cyfleoedd &hellip; Continued","og_url":"https:\/\/www.llandaffcathedral.org.uk\/cy\/our-community\/people-of-the-cathedral\/","og_site_name":"Eglwys Gadeiriol Llandaf","article_modified_time":"2024-02-26T13:25:08+00:00","og_image":[{"width":2560,"height":1440,"url":"https:\/\/staging.llandaffcathedral.org.uk\/app\/uploads\/sites\/2\/2023\/03\/20220410_090432-web-scaled.jpg","type":"image\/jpeg"}],"twitter_card":"summary_large_image","twitter_misc":{"Est. reading time":"2 funud"},"schema":{"@context":"https:\/\/schema.org","@graph":[{"@type":"WebPage","@id":"https:\/\/www.llandaffcathedral.org.uk\/cy\/our-community\/people-of-the-cathedral\/","url":"https:\/\/www.llandaffcathedral.org.uk\/cy\/our-community\/people-of-the-cathedral\/","name":"Gr\u0175piau\u2019r Gadeirlan - Eglwys Gadeiriol Llandaf","isPartOf":{"@id":"https:\/\/www.llandaffcathedral.org.uk\/cy\/#website"},"primaryImageOfPage":{"@id":"https:\/\/www.llandaffcathedral.org.uk\/cy\/our-community\/people-of-the-cathedral\/#primaryimage"},"image":{"@id":"https:\/\/www.llandaffcathedral.org.uk\/cy\/our-community\/people-of-the-cathedral\/#primaryimage"},"thumbnailUrl":"https:\/\/www.llandaffcathedral.org.uk\/app\/uploads\/sites\/2\/2023\/03\/20220410_090432-web-scaled.jpg","datePublished":"2022-10-19T14:26:53+00:00","dateModified":"2024-02-26T13:25:08+00:00","breadcrumb":{"@id":"https:\/\/www.llandaffcathedral.org.uk\/cy\/our-community\/people-of-the-cathedral\/#breadcrumb"},"inLanguage":"cy","potentialAction":[{"@type":"ReadAction","target":["https:\/\/www.llandaffcathedral.org.uk\/cy\/our-community\/people-of-the-cathedral\/"]}]},{"@type":"ImageObject","inLanguage":"cy","@id":"https:\/\/www.llandaffcathedral.org.uk\/cy\/our-community\/people-of-the-cathedral\/#primaryimage","url":"https:\/\/www.llandaffcathedral.org.uk\/app\/uploads\/sites\/2\/2023\/03\/20220410_090432-web-scaled.jpg","contentUrl":"https:\/\/www.llandaffcathedral.org.uk\/app\/uploads\/sites\/2\/2023\/03\/20220410_090432-web-scaled.jpg","width":2560,"height":1440},{"@type":"BreadcrumbList","@id":"https:\/\/www.llandaffcathedral.org.uk\/cy\/our-community\/people-of-the-cathedral\/#breadcrumb","itemListElement":[{"@type":"ListItem","position":1,"name":"Home","item":"https:\/\/www.llandaffcathedral.org.uk\/cy\/"},{"@type":"ListItem","position":2,"name":"Ein cymuned","item":"https:\/\/www.llandaffcathedral.org.uk\/cy\/our-community\/"},{"@type":"ListItem","position":3,"name":"Gr\u0175piau\u2019r Gadeirlan"}]},{"@type":"WebSite","@id":"https:\/\/www.llandaffcathedral.org.uk\/cy\/#website","url":"https:\/\/www.llandaffcathedral.org.uk\/cy\/","name":"Eglwys Gadeiriol Llandaf","description":"","potentialAction":[{"@type":"SearchAction","target":{"@type":"EntryPoint","urlTemplate":"https:\/\/www.llandaffcathedral.org.uk\/cy\/?s={search_term_string}"},"query-input":{"@type":"PropertyValueSpecification","valueRequired":true,"valueName":"search_term_string"}}],"inLanguage":"cy"}]}},"_links":{"self":[{"href":"https:\/\/www.llandaffcathedral.org.uk\/cy\/wp-json\/wp\/v2\/pages\/38","targetHints":{"allow":["GET"]}}],"collection":[{"href":"https:\/\/www.llandaffcathedral.org.uk\/cy\/wp-json\/wp\/v2\/pages"}],"about":[{"href":"https:\/\/www.llandaffcathedral.org.uk\/cy\/wp-json\/wp\/v2\/types\/page"}],"author":[{"embeddable":true,"href":"https:\/\/www.llandaffcathedral.org.uk\/cy\/wp-json\/wp\/v2\/users\/1"}],"replies":[{"embeddable":true,"href":"https:\/\/www.llandaffcathedral.org.uk\/cy\/wp-json\/wp\/v2\/comments?post=38"}],"version-history":[{"count":23,"href":"https:\/\/www.llandaffcathedral.org.uk\/cy\/wp-json\/wp\/v2\/pages\/38\/revisions"}],"predecessor-version":[{"id":4509,"href":"https:\/\/www.llandaffcathedral.org.uk\/cy\/wp-json\/wp\/v2\/pages\/38\/revisions\/4509"}],"up":[{"embeddable":true,"href":"https:\/\/www.llandaffcathedral.org.uk\/cy\/wp-json\/wp\/v2\/pages\/972"}],"wp:featuredmedia":[{"embeddable":true,"href":"https:\/\/www.llandaffcathedral.org.uk\/cy\/wp-json\/wp\/v2\/media\/1190"}],"wp:attachment":[{"href":"https:\/\/www.llandaffcathedral.org.uk\/cy\/wp-json\/wp\/v2\/media?parent=38"}],"curies":[{"name":"wp","href":"https:\/\/api.w.org\/{rel}","templated":true}]}}